{"id":11922,"date":"2024-02-08T08:41:48","date_gmt":"2024-02-08T08:41:48","guid":{"rendered":"http:\/\/192.168.0.134:10115\/?page_id=11922"},"modified":"2026-01-09T16:34:46","modified_gmt":"2026-01-09T22:34:46","slug":"proyectos","status":"publish","type":"page","link":"https:\/\/sinergiasa.net\/?page_id=11922","title":{"rendered":"Proyectos"},"content":{"rendered":"\t\t<div data-elementor-type=\"wp-page\" data-elementor-id=\"11922\" class=\"elementor elementor-11922\">\n\t\t\t\t\r\n\t\t<div class=\"default no-position show_shadow rs-sticky-default elementor-element elementor-element-9a94def e-flex e-con-boxed e-con e-parent\" data-id=\"9a94def\" data-element_type=\"container\" data-e-type=\"container\">\n\t\t\t\t\t<div class=\"e-con-inner\">\n\t\t\r\n\t\t\t\t<div class=\"elementor-element elementor-element-a31d7da elementor-widget elementor-widget-rsportfolio\" data-id=\"a31d7da\" data-element_type=\"widget\" data-e-type=\"widget\" data-widget_type=\"rsportfolio.default\">\n\t\t\t\t<div class=\"elementor-widget-container\">\n\t\t\t\t\t\t\t<div class=\"rs-portfolio-style4 rsaddon_pro_box\">\n\t\t\t<div class=\"row\">\n\t\t\t\t\t<div class=\"col-lg-6 col-md-4 col-xs-1 grid-item col-sm-\">\r\n\t\t<div class=\"portfolio-item content-overlay rsportfolio-grid-style4\">\r\n\t\t\t\t\t\t\t<a href=\"https:\/\/sinergiasa.net\/?portfolios=la-barca\">\r\n\t\t\t\t\t<div class=\"portfolio-img\">\r\n\t\t\t\t\t\t\t\t\t\t\t\t\t<img fetchpriority=\"high\" decoding=\"async\" width=\"666\" height=\"450\" src=\"https:\/\/sinergiasa.net\/wp-content\/uploads\/2026\/01\/principal-vial01-666x450.webp\" class=\"attachment-industrie_portfolio-slider size-industrie_portfolio-slider wp-post-image\" alt=\"\" \/>\t\t\t\t\t\t\t\t\t\t\t<\/div>\r\n\t\t\t\t<\/a>\r\n\t\t\t\r\n\t\t\t<div class=\"portfolio-details\">\r\n\t\t\t\t\t\t\t\t\t<div class=\"count_number\">\r\n\t\t\t\t\t\t01\t\t\t\t\t<\/div>\r\n\t\t\t\t\t\t\t\t<div class=\"portfolio-title-cat\">\r\n\t\t\t\t\t\t\t\t\t\t\t\r\n\t\t\t\t\t\t<h4 class=\"p-title\">\r\n\t\t\t\t\t\t\t<a href=\"https:\/\/sinergiasa.net\/?portfolios=la-barca\">\r\n\t\t\t\t\t\t\t\tEstudio para Mejoramiento de Calle\t\t\t\t\t\t\t<\/a>\r\n\t\t\t\t\t\t<\/h4>\r\n\t\t\t\t\t\t\r\n\t\t\t\t\t\t\t\t\t\t<p class=\"p-category\"> <a href=\"https:\/\/sinergiasa.net\/?portfolio-category=infraestructura_vial\" rel=\"tag\">Infraestructura Vial<\/a><\/p>\r\n\t\t\t\t<\/div>\r\n\t\t\t\t\t\t\t\t\t<div class=\"p-icon\">\r\n\t\t\t\t\t\t<a href=\"https:\/\/sinergiasa.net\/?portfolios=la-barca\" class=\"prs_btn\">\r\n\t\t\t\t\t\t\tVer detalles\t\t\t\t\t\t\t<em>\r\n\t\t\t\t\t\t\t\t\t\t\t\t\t\t\t\t\t<svg aria-hidden=\"true\" class=\"e-font-icon-svg e-fas-arrow-right\" viewBox=\"0 0 448 512\" xmlns=\"http:\/\/www.w3.org\/2000\/svg\"><path d=\"M190.5 66.9l22.2-22.2c9.4-9.4 24.6-9.4 33.9 0L441 239c9.4 9.4 9.4 24.6 0 33.9L246.6 467.3c-9.4 9.4-24.6 9.4-33.9 0l-22.2-22.2c-9.5-9.5-9.3-25 .4-34.3L311.4 296H24c-13.3 0-24-10.7-24-24v-32c0-13.3 10.7-24 24-24h287.4L190.9 101.2c-9.8-9.3-10-24.8-.4-34.3z\"><\/path><\/svg>\t\t\t\t\t\t\t\t\t\t\t\t\t\t\t\t\t\t\t\t\t\t\t\t\t<svg aria-hidden=\"true\" class=\"e-font-icon-svg e-fas-arrow-right\" viewBox=\"0 0 448 512\" xmlns=\"http:\/\/www.w3.org\/2000\/svg\"><path d=\"M190.5 66.9l22.2-22.2c9.4-9.4 24.6-9.4 33.9 0L441 239c9.4 9.4 9.4 24.6 0 33.9L246.6 467.3c-9.4 9.4-24.6 9.4-33.9 0l-22.2-22.2c-9.5-9.5-9.3-25 .4-34.3L311.4 296H24c-13.3 0-24-10.7-24-24v-32c0-13.3 10.7-24 24-24h287.4L190.9 101.2c-9.8-9.3-10-24.8-.4-34.3z\"><\/path><\/svg>\t\t\t\t\t\t\t\t\t\t\t\t\t\t\t<\/em>\r\n\t\t\t\t\t\t<\/a>\r\n\t\t\t\t\t<\/div>\r\n\t\t\t\t\t\t\t<\/div>\r\n\t\t<\/div>\r\n\t<\/div>\r\n\t<div class=\"col-lg-6 col-md-4 col-xs-1 grid-item col-sm-\">\r\n\t\t<div class=\"portfolio-item content-overlay rsportfolio-grid-style4\">\r\n\t\t\t\t\t\t\t<a href=\"https:\/\/sinergiasa.net\/?portfolios=parque-eolico-comapa\">\r\n\t\t\t\t\t<div class=\"portfolio-img\">\r\n\t\t\t\t\t\t\t\t\t\t\t\t\t<img decoding=\"async\" width=\"666\" height=\"450\" src=\"https:\/\/sinergiasa.net\/wp-content\/uploads\/2026\/01\/principal-666x450.webp\" class=\"attachment-industrie_portfolio-slider size-industrie_portfolio-slider wp-post-image\" alt=\"\" \/>\t\t\t\t\t\t\t\t\t\t\t<\/div>\r\n\t\t\t\t<\/a>\r\n\t\t\t\r\n\t\t\t<div class=\"portfolio-details\">\r\n\t\t\t\t\t\t\t\t\t<div class=\"count_number\">\r\n\t\t\t\t\t\t02\t\t\t\t\t<\/div>\r\n\t\t\t\t\t\t\t\t<div class=\"portfolio-title-cat\">\r\n\t\t\t\t\t\t\t\t\t\t\t\r\n\t\t\t\t\t\t<h4 class=\"p-title\">\r\n\t\t\t\t\t\t\t<a href=\"https:\/\/sinergiasa.net\/?portfolios=parque-eolico-comapa\">\r\n\t\t\t\t\t\t\t\tEstudio Geot\u00e9cnico Integral\t\t\t\t\t\t\t<\/a>\r\n\t\t\t\t\t\t<\/h4>\r\n\t\t\t\t\t\t\r\n\t\t\t\t\t\t\t\t\t\t<p class=\"p-category\"> <a href=\"https:\/\/sinergiasa.net\/?portfolio-category=energia\" rel=\"tag\">Energ\u00eda<\/a><\/p>\r\n\t\t\t\t<\/div>\r\n\t\t\t\t\t\t\t\t\t<div class=\"p-icon\">\r\n\t\t\t\t\t\t<a href=\"https:\/\/sinergiasa.net\/?portfolios=parque-eolico-comapa\" class=\"prs_btn\">\r\n\t\t\t\t\t\t\tVer detalles\t\t\t\t\t\t\t<em>\r\n\t\t\t\t\t\t\t\t\t\t\t\t\t\t\t\t\t<svg aria-hidden=\"true\" class=\"e-font-icon-svg e-fas-arrow-right\" viewBox=\"0 0 448 512\" xmlns=\"http:\/\/www.w3.org\/2000\/svg\"><path d=\"M190.5 66.9l22.2-22.2c9.4-9.4 24.6-9.4 33.9 0L441 239c9.4 9.4 9.4 24.6 0 33.9L246.6 467.3c-9.4 9.4-24.6 9.4-33.9 0l-22.2-22.2c-9.5-9.5-9.3-25 .4-34.3L311.4 296H24c-13.3 0-24-10.7-24-24v-32c0-13.3 10.7-24 24-24h287.4L190.9 101.2c-9.8-9.3-10-24.8-.4-34.3z\"><\/path><\/svg>\t\t\t\t\t\t\t\t\t\t\t\t\t\t\t\t\t\t\t\t\t\t\t\t\t<svg aria-hidden=\"true\" class=\"e-font-icon-svg e-fas-arrow-right\" viewBox=\"0 0 448 512\" xmlns=\"http:\/\/www.w3.org\/2000\/svg\"><path d=\"M190.5 66.9l22.2-22.2c9.4-9.4 24.6-9.4 33.9 0L441 239c9.4 9.4 9.4 24.6 0 33.9L246.6 467.3c-9.4 9.4-24.6 9.4-33.9 0l-22.2-22.2c-9.5-9.5-9.3-25 .4-34.3L311.4 296H24c-13.3 0-24-10.7-24-24v-32c0-13.3 10.7-24 24-24h287.4L190.9 101.2c-9.8-9.3-10-24.8-.4-34.3z\"><\/path><\/svg>\t\t\t\t\t\t\t\t\t\t\t\t\t\t\t<\/em>\r\n\t\t\t\t\t\t<\/a>\r\n\t\t\t\t\t<\/div>\r\n\t\t\t\t\t\t\t<\/div>\r\n\t\t<\/div>\r\n\t<\/div>\r\n\t<div class=\"col-lg-6 col-md-4 col-xs-1 grid-item col-sm-\">\r\n\t\t<div class=\"portfolio-item content-overlay rsportfolio-grid-style4\">\r\n\t\t\t\t\t\t\t<a href=\"https:\/\/sinergiasa.net\/?portfolios=joyabaj\">\r\n\t\t\t\t\t<div class=\"portfolio-img\">\r\n\t\t\t\t\t\t\t\t\t\t\t\t\t<img decoding=\"async\" width=\"666\" height=\"450\" src=\"https:\/\/sinergiasa.net\/wp-content\/uploads\/2026\/01\/principal-vial02webp-666x450.webp\" class=\"attachment-industrie_portfolio-slider size-industrie_portfolio-slider wp-post-image\" alt=\"\" \/>\t\t\t\t\t\t\t\t\t\t\t<\/div>\r\n\t\t\t\t<\/a>\r\n\t\t\t\r\n\t\t\t<div class=\"portfolio-details\">\r\n\t\t\t\t\t\t\t\t\t<div class=\"count_number\">\r\n\t\t\t\t\t\t03\t\t\t\t\t<\/div>\r\n\t\t\t\t\t\t\t\t<div class=\"portfolio-title-cat\">\r\n\t\t\t\t\t\t\t\t\t\t\t\r\n\t\t\t\t\t\t<h4 class=\"p-title\">\r\n\t\t\t\t\t\t\t<a href=\"https:\/\/sinergiasa.net\/?portfolios=joyabaj\">\r\n\t\t\t\t\t\t\t\tEstudio Geot\u00e9cnico por Hundimiento\t\t\t\t\t\t\t<\/a>\r\n\t\t\t\t\t\t<\/h4>\r\n\t\t\t\t\t\t\r\n\t\t\t\t\t\t\t\t\t\t<p class=\"p-category\"> <a href=\"https:\/\/sinergiasa.net\/?portfolio-category=infraestructura_vial\" rel=\"tag\">Infraestructura Vial<\/a><\/p>\r\n\t\t\t\t<\/div>\r\n\t\t\t\t\t\t\t\t\t<div class=\"p-icon\">\r\n\t\t\t\t\t\t<a href=\"https:\/\/sinergiasa.net\/?portfolios=joyabaj\" class=\"prs_btn\">\r\n\t\t\t\t\t\t\tVer detalles\t\t\t\t\t\t\t<em>\r\n\t\t\t\t\t\t\t\t\t\t\t\t\t\t\t\t\t<svg aria-hidden=\"true\" class=\"e-font-icon-svg e-fas-arrow-right\" viewBox=\"0 0 448 512\" xmlns=\"http:\/\/www.w3.org\/2000\/svg\"><path d=\"M190.5 66.9l22.2-22.2c9.4-9.4 24.6-9.4 33.9 0L441 239c9.4 9.4 9.4 24.6 0 33.9L246.6 467.3c-9.4 9.4-24.6 9.4-33.9 0l-22.2-22.2c-9.5-9.5-9.3-25 .4-34.3L311.4 296H24c-13.3 0-24-10.7-24-24v-32c0-13.3 10.7-24 24-24h287.4L190.9 101.2c-9.8-9.3-10-24.8-.4-34.3z\"><\/path><\/svg>\t\t\t\t\t\t\t\t\t\t\t\t\t\t\t\t\t\t\t\t\t\t\t\t\t<svg aria-hidden=\"true\" class=\"e-font-icon-svg e-fas-arrow-right\" viewBox=\"0 0 448 512\" xmlns=\"http:\/\/www.w3.org\/2000\/svg\"><path d=\"M190.5 66.9l22.2-22.2c9.4-9.4 24.6-9.4 33.9 0L441 239c9.4 9.4 9.4 24.6 0 33.9L246.6 467.3c-9.4 9.4-24.6 9.4-33.9 0l-22.2-22.2c-9.5-9.5-9.3-25 .4-34.3L311.4 296H24c-13.3 0-24-10.7-24-24v-32c0-13.3 10.7-24 24-24h287.4L190.9 101.2c-9.8-9.3-10-24.8-.4-34.3z\"><\/path><\/svg>\t\t\t\t\t\t\t\t\t\t\t\t\t\t\t<\/em>\r\n\t\t\t\t\t\t<\/a>\r\n\t\t\t\t\t<\/div>\r\n\t\t\t\t\t\t\t<\/div>\r\n\t\t<\/div>\r\n\t<\/div>\r\n\t<div class=\"col-lg-6 col-md-4 col-xs-1 grid-item col-sm-\">\r\n\t\t<div class=\"portfolio-item content-overlay rsportfolio-grid-style4\">\r\n\t\t\t\t\t\t\t<a href=\"https:\/\/sinergiasa.net\/?portfolios=damare\">\r\n\t\t\t\t\t<div class=\"portfolio-img\">\r\n\t\t\t\t\t\t\t\t\t\t\t\t\t<img loading=\"lazy\" decoding=\"async\" width=\"666\" height=\"450\" src=\"https:\/\/sinergiasa.net\/wp-content\/uploads\/2026\/01\/principal-vertical01-666x450.webp\" class=\"attachment-industrie_portfolio-slider size-industrie_portfolio-slider wp-post-image\" alt=\"\" \/>\t\t\t\t\t\t\t\t\t\t\t<\/div>\r\n\t\t\t\t<\/a>\r\n\t\t\t\r\n\t\t\t<div class=\"portfolio-details\">\r\n\t\t\t\t\t\t\t\t\t<div class=\"count_number\">\r\n\t\t\t\t\t\t04\t\t\t\t\t<\/div>\r\n\t\t\t\t\t\t\t\t<div class=\"portfolio-title-cat\">\r\n\t\t\t\t\t\t\t\t\t\t\t\r\n\t\t\t\t\t\t<h4 class=\"p-title\">\r\n\t\t\t\t\t\t\t<a href=\"https:\/\/sinergiasa.net\/?portfolios=damare\">\r\n\t\t\t\t\t\t\t\tEstudio Geot\u00e9cnico para la Ampliaci\u00f3n del Proyecto DAMARE\t\t\t\t\t\t\t<\/a>\r\n\t\t\t\t\t\t<\/h4>\r\n\t\t\t\t\t\t\r\n\t\t\t\t\t\t\t\t\t\t<p class=\"p-category\"> <a href=\"https:\/\/sinergiasa.net\/?portfolio-category=infraestructura_vertical\" rel=\"tag\">Infraestructura Vertical<\/a><\/p>\r\n\t\t\t\t<\/div>\r\n\t\t\t\t\t\t\t\t\t<div class=\"p-icon\">\r\n\t\t\t\t\t\t<a href=\"https:\/\/sinergiasa.net\/?portfolios=damare\" class=\"prs_btn\">\r\n\t\t\t\t\t\t\tVer detalles\t\t\t\t\t\t\t<em>\r\n\t\t\t\t\t\t\t\t\t\t\t\t\t\t\t\t\t<svg aria-hidden=\"true\" class=\"e-font-icon-svg e-fas-arrow-right\" viewBox=\"0 0 448 512\" xmlns=\"http:\/\/www.w3.org\/2000\/svg\"><path d=\"M190.5 66.9l22.2-22.2c9.4-9.4 24.6-9.4 33.9 0L441 239c9.4 9.4 9.4 24.6 0 33.9L246.6 467.3c-9.4 9.4-24.6 9.4-33.9 0l-22.2-22.2c-9.5-9.5-9.3-25 .4-34.3L311.4 296H24c-13.3 0-24-10.7-24-24v-32c0-13.3 10.7-24 24-24h287.4L190.9 101.2c-9.8-9.3-10-24.8-.4-34.3z\"><\/path><\/svg>\t\t\t\t\t\t\t\t\t\t\t\t\t\t\t\t\t\t\t\t\t\t\t\t\t<svg aria-hidden=\"true\" class=\"e-font-icon-svg e-fas-arrow-right\" viewBox=\"0 0 448 512\" xmlns=\"http:\/\/www.w3.org\/2000\/svg\"><path d=\"M190.5 66.9l22.2-22.2c9.4-9.4 24.6-9.4 33.9 0L441 239c9.4 9.4 9.4 24.6 0 33.9L246.6 467.3c-9.4 9.4-24.6 9.4-33.9 0l-22.2-22.2c-9.5-9.5-9.3-25 .4-34.3L311.4 296H24c-13.3 0-24-10.7-24-24v-32c0-13.3 10.7-24 24-24h287.4L190.9 101.2c-9.8-9.3-10-24.8-.4-34.3z\"><\/path><\/svg>\t\t\t\t\t\t\t\t\t\t\t\t\t\t\t<\/em>\r\n\t\t\t\t\t\t<\/a>\r\n\t\t\t\t\t<\/div>\r\n\t\t\t\t\t\t\t<\/div>\r\n\t\t<\/div>\r\n\t<\/div>\r\n\t<div class=\"col-lg-6 col-md-4 col-xs-1 grid-item col-sm-\">\r\n\t\t<div class=\"portfolio-item content-overlay rsportfolio-grid-style4\">\r\n\t\t\t\t\t\t\t<a href=\"https:\/\/sinergiasa.net\/?portfolios=la-gomera\">\r\n\t\t\t\t\t<div class=\"portfolio-img\">\r\n\t\t\t\t\t\t\t\t\t\t\t\t\t<img loading=\"lazy\" decoding=\"async\" width=\"666\" height=\"450\" src=\"https:\/\/sinergiasa.net\/wp-content\/uploads\/2026\/01\/principal-1-666x450.webp\" class=\"attachment-industrie_portfolio-slider size-industrie_portfolio-slider wp-post-image\" alt=\"\" \/>\t\t\t\t\t\t\t\t\t\t\t<\/div>\r\n\t\t\t\t<\/a>\r\n\t\t\t\r\n\t\t\t<div class=\"portfolio-details\">\r\n\t\t\t\t\t\t\t\t\t<div class=\"count_number\">\r\n\t\t\t\t\t\t05\t\t\t\t\t<\/div>\r\n\t\t\t\t\t\t\t\t<div class=\"portfolio-title-cat\">\r\n\t\t\t\t\t\t\t\t\t\t\t\r\n\t\t\t\t\t\t<h4 class=\"p-title\">\r\n\t\t\t\t\t\t\t<a href=\"https:\/\/sinergiasa.net\/?portfolios=la-gomera\">\r\n\t\t\t\t\t\t\t\tProspecci\u00f3n Geof\u00edsica 3D\t\t\t\t\t\t\t<\/a>\r\n\t\t\t\t\t\t<\/h4>\r\n\t\t\t\t\t\t\r\n\t\t\t\t\t\t\t\t\t\t<p class=\"p-category\"> <a href=\"https:\/\/sinergiasa.net\/?portfolio-category=agroindustria\" rel=\"tag\">Agroindustria<\/a><\/p>\r\n\t\t\t\t<\/div>\r\n\t\t\t\t\t\t\t\t\t<div class=\"p-icon\">\r\n\t\t\t\t\t\t<a href=\"https:\/\/sinergiasa.net\/?portfolios=la-gomera\" class=\"prs_btn\">\r\n\t\t\t\t\t\t\tVer detalles\t\t\t\t\t\t\t<em>\r\n\t\t\t\t\t\t\t\t\t\t\t\t\t\t\t\t\t<svg aria-hidden=\"true\" class=\"e-font-icon-svg e-fas-arrow-right\" viewBox=\"0 0 448 512\" xmlns=\"http:\/\/www.w3.org\/2000\/svg\"><path d=\"M190.5 66.9l22.2-22.2c9.4-9.4 24.6-9.4 33.9 0L441 239c9.4 9.4 9.4 24.6 0 33.9L246.6 467.3c-9.4 9.4-24.6 9.4-33.9 0l-22.2-22.2c-9.5-9.5-9.3-25 .4-34.3L311.4 296H24c-13.3 0-24-10.7-24-24v-32c0-13.3 10.7-24 24-24h287.4L190.9 101.2c-9.8-9.3-10-24.8-.4-34.3z\"><\/path><\/svg>\t\t\t\t\t\t\t\t\t\t\t\t\t\t\t\t\t\t\t\t\t\t\t\t\t<svg aria-hidden=\"true\" class=\"e-font-icon-svg e-fas-arrow-right\" viewBox=\"0 0 448 512\" xmlns=\"http:\/\/www.w3.org\/2000\/svg\"><path d=\"M190.5 66.9l22.2-22.2c9.4-9.4 24.6-9.4 33.9 0L441 239c9.4 9.4 9.4 24.6 0 33.9L246.6 467.3c-9.4 9.4-24.6 9.4-33.9 0l-22.2-22.2c-9.5-9.5-9.3-25 .4-34.3L311.4 296H24c-13.3 0-24-10.7-24-24v-32c0-13.3 10.7-24 24-24h287.4L190.9 101.2c-9.8-9.3-10-24.8-.4-34.3z\"><\/path><\/svg>\t\t\t\t\t\t\t\t\t\t\t\t\t\t\t<\/em>\r\n\t\t\t\t\t\t<\/a>\r\n\t\t\t\t\t<\/div>\r\n\t\t\t\t\t\t\t<\/div>\r\n\t\t<\/div>\r\n\t<\/div>\r\n\t<div class=\"col-lg-6 col-md-4 col-xs-1 grid-item col-sm-\">\r\n\t\t<div class=\"portfolio-item content-overlay rsportfolio-grid-style4\">\r\n\t\t\t\t\t\t\t<a href=\"https:\/\/sinergiasa.net\/?portfolios=san-nicolas\">\r\n\t\t\t\t\t<div class=\"portfolio-img\">\r\n\t\t\t\t\t\t\t\t\t\t\t\t\t<img loading=\"lazy\" decoding=\"async\" width=\"666\" height=\"450\" src=\"https:\/\/sinergiasa.net\/wp-content\/uploads\/2026\/01\/principal-vertical-02-666x450.webp\" class=\"attachment-industrie_portfolio-slider size-industrie_portfolio-slider wp-post-image\" alt=\"\" \/>\t\t\t\t\t\t\t\t\t\t\t<\/div>\r\n\t\t\t\t<\/a>\r\n\t\t\t\r\n\t\t\t<div class=\"portfolio-details\">\r\n\t\t\t\t\t\t\t\t\t<div class=\"count_number\">\r\n\t\t\t\t\t\t06\t\t\t\t\t<\/div>\r\n\t\t\t\t\t\t\t\t<div class=\"portfolio-title-cat\">\r\n\t\t\t\t\t\t\t\t\t\t\t\r\n\t\t\t\t\t\t<h4 class=\"p-title\">\r\n\t\t\t\t\t\t\t<a href=\"https:\/\/sinergiasa.net\/?portfolios=san-nicolas\">\r\n\t\t\t\t\t\t\t\tEstudio Geot\u00e9cnico Tipo III\t\t\t\t\t\t\t<\/a>\r\n\t\t\t\t\t\t<\/h4>\r\n\t\t\t\t\t\t\r\n\t\t\t\t\t\t\t\t\t\t<p class=\"p-category\"> <a href=\"https:\/\/sinergiasa.net\/?portfolio-category=infraestructura_vertical\" rel=\"tag\">Infraestructura Vertical<\/a><\/p>\r\n\t\t\t\t<\/div>\r\n\t\t\t\t\t\t\t\t\t<div class=\"p-icon\">\r\n\t\t\t\t\t\t<a href=\"https:\/\/sinergiasa.net\/?portfolios=san-nicolas\" class=\"prs_btn\">\r\n\t\t\t\t\t\t\tVer detalles\t\t\t\t\t\t\t<em>\r\n\t\t\t\t\t\t\t\t\t\t\t\t\t\t\t\t\t<svg aria-hidden=\"true\" class=\"e-font-icon-svg e-fas-arrow-right\" viewBox=\"0 0 448 512\" xmlns=\"http:\/\/www.w3.org\/2000\/svg\"><path d=\"M190.5 66.9l22.2-22.2c9.4-9.4 24.6-9.4 33.9 0L441 239c9.4 9.4 9.4 24.6 0 33.9L246.6 467.3c-9.4 9.4-24.6 9.4-33.9 0l-22.2-22.2c-9.5-9.5-9.3-25 .4-34.3L311.4 296H24c-13.3 0-24-10.7-24-24v-32c0-13.3 10.7-24 24-24h287.4L190.9 101.2c-9.8-9.3-10-24.8-.4-34.3z\"><\/path><\/svg>\t\t\t\t\t\t\t\t\t\t\t\t\t\t\t\t\t\t\t\t\t\t\t\t\t<svg aria-hidden=\"true\" class=\"e-font-icon-svg e-fas-arrow-right\" viewBox=\"0 0 448 512\" xmlns=\"http:\/\/www.w3.org\/2000\/svg\"><path d=\"M190.5 66.9l22.2-22.2c9.4-9.4 24.6-9.4 33.9 0L441 239c9.4 9.4 9.4 24.6 0 33.9L246.6 467.3c-9.4 9.4-24.6 9.4-33.9 0l-22.2-22.2c-9.5-9.5-9.3-25 .4-34.3L311.4 296H24c-13.3 0-24-10.7-24-24v-32c0-13.3 10.7-24 24-24h287.4L190.9 101.2c-9.8-9.3-10-24.8-.4-34.3z\"><\/path><\/svg>\t\t\t\t\t\t\t\t\t\t\t\t\t\t\t<\/em>\r\n\t\t\t\t\t\t<\/a>\r\n\t\t\t\t\t<\/div>\r\n\t\t\t\t\t\t\t<\/div>\r\n\t\t<\/div>\r\n\t<\/div>\r\n\t<div class=\"col-lg-6 col-md-4 col-xs-1 grid-item col-sm-\">\r\n\t\t<div class=\"portfolio-item content-overlay rsportfolio-grid-style4\">\r\n\t\t\t\t\t\t\t<a href=\"https:\/\/sinergiasa.net\/?portfolios=santa-marta\">\r\n\t\t\t\t\t<div class=\"portfolio-img\">\r\n\t\t\t\t\t\t\t\t\t\t\t\t\t<img loading=\"lazy\" decoding=\"async\" width=\"666\" height=\"450\" src=\"https:\/\/sinergiasa.net\/wp-content\/uploads\/2026\/01\/principal-2-666x450.webp\" class=\"attachment-industrie_portfolio-slider size-industrie_portfolio-slider wp-post-image\" alt=\"\" \/>\t\t\t\t\t\t\t\t\t\t\t<\/div>\r\n\t\t\t\t<\/a>\r\n\t\t\t\r\n\t\t\t<div class=\"portfolio-details\">\r\n\t\t\t\t\t\t\t\t\t<div class=\"count_number\">\r\n\t\t\t\t\t\t07\t\t\t\t\t<\/div>\r\n\t\t\t\t\t\t\t\t<div class=\"portfolio-title-cat\">\r\n\t\t\t\t\t\t\t\t\t\t\t\r\n\t\t\t\t\t\t<h4 class=\"p-title\">\r\n\t\t\t\t\t\t\t<a href=\"https:\/\/sinergiasa.net\/?portfolios=santa-marta\">\r\n\t\t\t\t\t\t\t\tProspecci\u00f3n Geof\u00edsica por Resistividad\t\t\t\t\t\t\t<\/a>\r\n\t\t\t\t\t\t<\/h4>\r\n\t\t\t\t\t\t\r\n\t\t\t\t\t\t\t\t\t\t<p class=\"p-category\"> <a href=\"https:\/\/sinergiasa.net\/?portfolio-category=agroindustria\" rel=\"tag\">Agroindustria<\/a><\/p>\r\n\t\t\t\t<\/div>\r\n\t\t\t\t\t\t\t\t\t<div class=\"p-icon\">\r\n\t\t\t\t\t\t<a href=\"https:\/\/sinergiasa.net\/?portfolios=santa-marta\" class=\"prs_btn\">\r\n\t\t\t\t\t\t\tVer detalles\t\t\t\t\t\t\t<em>\r\n\t\t\t\t\t\t\t\t\t\t\t\t\t\t\t\t\t<svg aria-hidden=\"true\" class=\"e-font-icon-svg e-fas-arrow-right\" viewBox=\"0 0 448 512\" xmlns=\"http:\/\/www.w3.org\/2000\/svg\"><path d=\"M190.5 66.9l22.2-22.2c9.4-9.4 24.6-9.4 33.9 0L441 239c9.4 9.4 9.4 24.6 0 33.9L246.6 467.3c-9.4 9.4-24.6 9.4-33.9 0l-22.2-22.2c-9.5-9.5-9.3-25 .4-34.3L311.4 296H24c-13.3 0-24-10.7-24-24v-32c0-13.3 10.7-24 24-24h287.4L190.9 101.2c-9.8-9.3-10-24.8-.4-34.3z\"><\/path><\/svg>\t\t\t\t\t\t\t\t\t\t\t\t\t\t\t\t\t\t\t\t\t\t\t\t\t<svg aria-hidden=\"true\" class=\"e-font-icon-svg e-fas-arrow-right\" viewBox=\"0 0 448 512\" xmlns=\"http:\/\/www.w3.org\/2000\/svg\"><path d=\"M190.5 66.9l22.2-22.2c9.4-9.4 24.6-9.4 33.9 0L441 239c9.4 9.4 9.4 24.6 0 33.9L246.6 467.3c-9.4 9.4-24.6 9.4-33.9 0l-22.2-22.2c-9.5-9.5-9.3-25 .4-34.3L311.4 296H24c-13.3 0-24-10.7-24-24v-32c0-13.3 10.7-24 24-24h287.4L190.9 101.2c-9.8-9.3-10-24.8-.4-34.3z\"><\/path><\/svg>\t\t\t\t\t\t\t\t\t\t\t\t\t\t\t<\/em>\r\n\t\t\t\t\t\t<\/a>\r\n\t\t\t\t\t<\/div>\r\n\t\t\t\t\t\t\t<\/div>\r\n\t\t<\/div>\r\n\t<\/div>\r\n\t<div class=\"col-lg-6 col-md-4 col-xs-1 grid-item col-sm-\">\r\n\t\t<div class=\"portfolio-item content-overlay rsportfolio-grid-style4\">\r\n\t\t\t\t\t\t\t<a href=\"https:\/\/sinergiasa.net\/?portfolios=la-esperanza\">\r\n\t\t\t\t\t<div class=\"portfolio-img\">\r\n\t\t\t\t\t\t\t\t\t\t\t\t\t<img loading=\"lazy\" decoding=\"async\" width=\"666\" height=\"450\" src=\"https:\/\/sinergiasa.net\/wp-content\/uploads\/2026\/01\/principal-3-666x450.webp\" class=\"attachment-industrie_portfolio-slider size-industrie_portfolio-slider wp-post-image\" alt=\"\" \/>\t\t\t\t\t\t\t\t\t\t\t<\/div>\r\n\t\t\t\t<\/a>\r\n\t\t\t\r\n\t\t\t<div class=\"portfolio-details\">\r\n\t\t\t\t\t\t\t\t\t<div class=\"count_number\">\r\n\t\t\t\t\t\t08\t\t\t\t\t<\/div>\r\n\t\t\t\t\t\t\t\t<div class=\"portfolio-title-cat\">\r\n\t\t\t\t\t\t\t\t\t\t\t\r\n\t\t\t\t\t\t<h4 class=\"p-title\">\r\n\t\t\t\t\t\t\t<a href=\"https:\/\/sinergiasa.net\/?portfolios=la-esperanza\">\r\n\t\t\t\t\t\t\t\tTomograf\u00eda Geoel\u00e9ctrica 2D\t\t\t\t\t\t\t<\/a>\r\n\t\t\t\t\t\t<\/h4>\r\n\t\t\t\t\t\t\r\n\t\t\t\t\t\t\t\t\t\t<p class=\"p-category\"> <a href=\"https:\/\/sinergiasa.net\/?portfolio-category=mineria\" rel=\"tag\">Miner\u00eda<\/a><\/p>\r\n\t\t\t\t<\/div>\r\n\t\t\t\t\t\t\t\t\t<div class=\"p-icon\">\r\n\t\t\t\t\t\t<a href=\"https:\/\/sinergiasa.net\/?portfolios=la-esperanza\" class=\"prs_btn\">\r\n\t\t\t\t\t\t\tVer detalles\t\t\t\t\t\t\t<em>\r\n\t\t\t\t\t\t\t\t\t\t\t\t\t\t\t\t\t<svg aria-hidden=\"true\" class=\"e-font-icon-svg e-fas-arrow-right\" viewBox=\"0 0 448 512\" xmlns=\"http:\/\/www.w3.org\/2000\/svg\"><path d=\"M190.5 66.9l22.2-22.2c9.4-9.4 24.6-9.4 33.9 0L441 239c9.4 9.4 9.4 24.6 0 33.9L246.6 467.3c-9.4 9.4-24.6 9.4-33.9 0l-22.2-22.2c-9.5-9.5-9.3-25 .4-34.3L311.4 296H24c-13.3 0-24-10.7-24-24v-32c0-13.3 10.7-24 24-24h287.4L190.9 101.2c-9.8-9.3-10-24.8-.4-34.3z\"><\/path><\/svg>\t\t\t\t\t\t\t\t\t\t\t\t\t\t\t\t\t\t\t\t\t\t\t\t\t<svg aria-hidden=\"true\" class=\"e-font-icon-svg e-fas-arrow-right\" viewBox=\"0 0 448 512\" xmlns=\"http:\/\/www.w3.org\/2000\/svg\"><path d=\"M190.5 66.9l22.2-22.2c9.4-9.4 24.6-9.4 33.9 0L441 239c9.4 9.4 9.4 24.6 0 33.9L246.6 467.3c-9.4 9.4-24.6 9.4-33.9 0l-22.2-22.2c-9.5-9.5-9.3-25 .4-34.3L311.4 296H24c-13.3 0-24-10.7-24-24v-32c0-13.3 10.7-24 24-24h287.4L190.9 101.2c-9.8-9.3-10-24.8-.4-34.3z\"><\/path><\/svg>\t\t\t\t\t\t\t\t\t\t\t\t\t\t\t<\/em>\r\n\t\t\t\t\t\t<\/a>\r\n\t\t\t\t\t<\/div>\r\n\t\t\t\t\t\t\t<\/div>\r\n\t\t<\/div>\r\n\t<\/div>\r\n    <div class=\"pagination-area col-12\">\r\n        <div class=\"nav-links\">\r\n\t\t\t<span aria-current=\"page\" class=\"page-numbers current\">1<\/span>\n<a class=\"page-numbers\" href=\"https:\/\/sinergiasa.net\/index.php\/?paged=2&#038;rest_route=%2Fwp%2Fv2%2Fpages%2F11922\">2<\/a>\n<a class=\"next page-numbers\" href=\"https:\/\/sinergiasa.net\/index.php\/?paged=2&#038;rest_route=%2Fwp%2Fv2%2Fpages%2F11922\">Siguiente &raquo;<\/a>        <\/div>\r\n    <\/div>\r\n\t\t\t<\/div>\n\t\t<\/div>\n\t\t\t\t\t<\/div>\n\t\t\t\t<\/div>\n\t\t\t\t\t<\/div>\n\t\t\t\t<\/div>\n\t\t\t\t<\/div>\n\t\t","protected":false},"excerpt":{"rendered":"<p>01 Estudio para Mejoramiento de Calle Infraestructura Vial Ver detalles 02 Estudio Geot\u00e9cnico Integral Energ\u00eda Ver detalles 03 Estudio Geot\u00e9cnico por Hundimiento Infraestructura Vial Ver detalles 04 Estudio Geot\u00e9cnico para la Ampliaci\u00f3n del Proyecto DAMARE Infraestructura Vertical Ver detalles 05 Prospecci\u00f3n Geof\u00edsica 3D Agroindustria Ver detalles 06 Estudio Geot\u00e9cnico Tipo III Infraestructura Vertical Ver detalles&#8230;<\/p>\n","protected":false},"author":1,"featured_media":0,"parent":0,"menu_order":0,"comment_status":"closed","ping_status":"closed","template":"elementor_header_footer","meta":{"om_disable_all_campaigns":false,"_monsterinsights_skip_tracking":false,"_monsterinsights_sitenote_active":false,"_monsterinsights_sitenote_note":"","_monsterinsights_sitenote_category":0,"footnotes":""},"class_list":["post-11922","page","type-page","status-publish","hentry"],"aioseo_notices":[],"_links":{"self":[{"href":"https:\/\/sinergiasa.net\/index.php?rest_route=\/wp\/v2\/pages\/11922","targetHints":{"allow":["GET"]}}],"collection":[{"href":"https:\/\/sinergiasa.net\/index.php?rest_route=\/wp\/v2\/pages"}],"about":[{"href":"https:\/\/sinergiasa.net\/index.php?rest_route=\/wp\/v2\/types\/page"}],"author":[{"embeddable":true,"href":"https:\/\/sinergiasa.net\/index.php?rest_route=\/wp\/v2\/users\/1"}],"replies":[{"embeddable":true,"href":"https:\/\/sinergiasa.net\/index.php?rest_route=%2Fwp%2Fv2%2Fcomments&post=11922"}],"version-history":[{"count":7,"href":"https:\/\/sinergiasa.net\/index.php?rest_route=\/wp\/v2\/pages\/11922\/revisions"}],"predecessor-version":[{"id":30329,"href":"https:\/\/sinergiasa.net\/index.php?rest_route=\/wp\/v2\/pages\/11922\/revisions\/30329"}],"wp:attachment":[{"href":"https:\/\/sinergiasa.net\/index.php?rest_route=%2Fwp%2Fv2%2Fmedia&parent=11922"}],"curies":[{"name":"wp","href":"https:\/\/api.w.org\/{rel}","templated":true}]}}